{"id":4778,"date":"2022-08-21T20:53:45","date_gmt":"2022-08-21T18:53:45","guid":{"rendered":"https:\/\/raveworks.es\/?post_type=product&#038;p=4778"},"modified":"2025-10-07T13:27:51","modified_gmt":"2025-10-07T11:27:51","slug":"kit-emblemas-italia","status":"publish","type":"product","link":"https:\/\/raveworks.es\/en\/product\/kit-emblemas-italia\/","title":{"rendered":"ITALY BADGES KIT"},"content":{"rendered":"<p>Kit completo de covers emblemas personalizados con la bandera de italia, posici\u00f3n de la bandera a elegir en el centro o en el lado. Formado por:<\/p>\n<ul>\n<li>1x Front badge<\/li>\n<li>1x Rear badge<\/li>\n<\/ul>\n<p>Rav\u00e9 Works reserves the right to choose the fiber size. If you wish for a specific one and\/or want a customized piece, please contact us. Customization not included<\/p>\n<p>Customizations can be added. Add in comments during quotation submit to receive more information.<\/p>","protected":false},"excerpt":{"rendered":"<p>Kit completo de covers emblemas personalizados con la bandera de italia, posici\u00f3n de la bandera a elegir en el centro o en el lado. Formado por: 1x Emblema delantero 1x Emblema trasero Rav\u00e9 works se reserva el derecho a la elecci\u00f3n del tama\u00f1o de\u00a0 fibra, en caso de querer una en particular y\/o\u00a0 querer una pieza personalizada por favor contacten con nosotros. Personalizaciones pueden ser a\u00f1adidas. A\u00f1adir en comentarios a la hora de enviar presupuesto para recibir mas informaci\u00f3n.<\/p>","protected":false},"featured_media":4794,"template":"","meta":{"neve_meta_sidebar":"","neve_meta_container":"","neve_meta_enable_content_width":"off","neve_meta_content_width":100,"neve_meta_title_alignment":"","neve_meta_author_avatar":"","neve_post_elements_order":"","neve_meta_disable_header":"","neve_meta_disable_footer":"","neve_meta_disable_title":""},"product_brand":[],"product_cat":[75,76,186,188,210],"product_tag":[],"class_list":{"0":"post-4778","1":"product","2":"type-product","3":"status-publish","4":"has-post-thumbnail","6":"product_cat-abarth-595-mk3-2008-2015","7":"product_cat-abarth-595-mk4-2016-today","8":"product_cat-exterior","9":"product_cat-exterior-abarth-595-mk4-2016-today","10":"product_cat-kit","12":"first","13":"instock","14":"sale","15":"taxable","16":"shipping-taxable","17":"purchasable","18":"product-type-variable"},"_links":{"self":[{"href":"https:\/\/raveworks.es\/en\/wp-json\/wp\/v2\/product\/4778","targetHints":{"allow":["GET"]}}],"collection":[{"href":"https:\/\/raveworks.es\/en\/wp-json\/wp\/v2\/product"}],"about":[{"href":"https:\/\/raveworks.es\/en\/wp-json\/wp\/v2\/types\/product"}],"wp:featuredmedia":[{"embeddable":true,"href":"https:\/\/raveworks.es\/en\/wp-json\/wp\/v2\/media\/4794"}],"wp:attachment":[{"href":"https:\/\/raveworks.es\/en\/wp-json\/wp\/v2\/media?parent=4778"}],"wp:term":[{"taxonomy":"product_brand","embeddable":true,"href":"https:\/\/raveworks.es\/en\/wp-json\/wp\/v2\/product_brand?post=4778"},{"taxonomy":"product_cat","embeddable":true,"href":"https:\/\/raveworks.es\/en\/wp-json\/wp\/v2\/product_cat?post=4778"},{"taxonomy":"product_tag","embeddable":true,"href":"https:\/\/raveworks.es\/en\/wp-json\/wp\/v2\/product_tag?post=4778"}],"curies":[{"name":"wp","href":"https:\/\/api.w.org\/{rel}","templated":true}]}}